{"id":77,"date":"2025-12-05T15:35:38","date_gmt":"2025-12-05T18:35:38","guid":{"rendered":"https:\/\/estandartemaconico.com.br\/?page_id=77"},"modified":"2025-12-05T15:35:38","modified_gmt":"2025-12-05T18:35:38","slug":"contato","status":"publish","type":"page","link":"https:\/\/estandartemaconico.com.br\/index.php\/contato\/","title":{"rendered":"Contato"},"content":{"rendered":"","protected":false},"excerpt":{"rendered":"","protected":false},"author":1,"featured_media":0,"parent":0,"menu_order":0,"comment_status":"closed","ping_status":"closed","template":"","meta":{"_themeisle_gutenberg_block_has_review":false,"_joinchat":[],"footnotes":""},"class_list":["post-77","page","type-page","status-publish","hentry"],"yoast_head":"<!-- This site is optimized with the Yoast SEO plugin v27.5 - https:\/\/yoast.com\/product\/yoast-seo-wordpress\/ -->\n<title>Contato - estandartemaconico.com.br<\/title>\n<meta name=\"robots\" content=\"index, follow, max-snippet:-1, max-image-preview:large, max-video-preview:-1\" \/>\n<link rel=\"canonical\" href=\"https:\/\/estandartemaconico.com.br\/index.php\/contato\/\" \/>\n<meta property=\"og:locale\" content=\"en_US\" \/>\n<meta property=\"og:type\" content=\"article\" \/>\n<meta property=\"og:title\" content=\"Contato - estandartemaconico.com.br\" \/>\n<meta property=\"og:url\" content=\"https:\/\/estandartemaconico.com.br\/index.php\/contato\/\" \/>\n<meta property=\"og:site_name\" content=\"estandartemaconico.com.br\" \/>\n<meta property=\"article:publisher\" content=\"https:\/\/www.facebook.com\/numero1bandeiras\/\" \/>\n<meta property=\"og:image\" content=\"https:\/\/estandartemaconico.com.br\/wp-content\/uploads\/2023\/06\/Estandartemaconico.png\" \/>\n\t<meta property=\"og:image:width\" content=\"2504\" \/>\n\t<meta property=\"og:image:height\" content=\"1401\" \/>\n\t<meta property=\"og:image:type\" content=\"image\/png\" \/>\n<meta name=\"twitter:card\" content=\"summary_large_image\" \/>\n<script type=\"application\/ld+json\" class=\"yoast-schema-graph\">{\"@context\":\"https:\\\/\\\/schema.org\",\"@graph\":[{\"@type\":\"WebPage\",\"@id\":\"https:\\\/\\\/estandartemaconico.com.br\\\/index.php\\\/contato\\\/\",\"url\":\"https:\\\/\\\/estandartemaconico.com.br\\\/index.php\\\/contato\\\/\",\"name\":\"Contato - estandartemaconico.com.br\",\"isPartOf\":{\"@id\":\"https:\\\/\\\/estandartemaconico.com.br\\\/#website\"},\"datePublished\":\"2025-12-05T18:35:38+00:00\",\"breadcrumb\":{\"@id\":\"https:\\\/\\\/estandartemaconico.com.br\\\/index.php\\\/contato\\\/#breadcrumb\"},\"inLanguage\":\"en-US\",\"potentialAction\":[{\"@type\":\"ReadAction\",\"target\":[\"https:\\\/\\\/estandartemaconico.com.br\\\/index.php\\\/contato\\\/\"]}]},{\"@type\":\"BreadcrumbList\",\"@id\":\"https:\\\/\\\/estandartemaconico.com.br\\\/index.php\\\/contato\\\/#breadcrumb\",\"itemListElement\":[{\"@type\":\"ListItem\",\"position\":1,\"name\":\"In\u00edcio\",\"item\":\"https:\\\/\\\/estandartemaconico.com.br\\\/\"},{\"@type\":\"ListItem\",\"position\":2,\"name\":\"Contato\"}]},{\"@type\":\"WebSite\",\"@id\":\"https:\\\/\\\/estandartemaconico.com.br\\\/#website\",\"url\":\"https:\\\/\\\/estandartemaconico.com.br\\\/\",\"name\":\"estandartemaconico.com.br\",\"description\":\"Especializado na fabrica\u00e7\u00e3o de Estandarte Ma\u00e7\u00f4nico\",\"publisher\":{\"@id\":\"https:\\\/\\\/estandartemaconico.com.br\\\/#organization\"},\"alternateName\":\"Banderminas\",\"potentialAction\":[{\"@type\":\"SearchAction\",\"target\":{\"@type\":\"EntryPoint\",\"urlTemplate\":\"https:\\\/\\\/estandartemaconico.com.br\\\/?s={search_term_string}\"},\"query-input\":{\"@type\":\"PropertyValueSpecification\",\"valueRequired\":true,\"valueName\":\"search_term_string\"}}],\"inLanguage\":\"en-US\"},{\"@type\":\"Organization\",\"@id\":\"https:\\\/\\\/estandartemaconico.com.br\\\/#organization\",\"name\":\"Banderminas\",\"url\":\"https:\\\/\\\/estandartemaconico.com.br\\\/\",\"logo\":{\"@type\":\"ImageObject\",\"inLanguage\":\"en-US\",\"@id\":\"https:\\\/\\\/estandartemaconico.com.br\\\/#\\\/schema\\\/logo\\\/image\\\/\",\"url\":\"http:\\\/\\\/estandartemaconico.com.br\\\/wp-content\\\/uploads\\\/2023\\\/06\\\/cropped-Logo_Banderminas.png\",\"contentUrl\":\"http:\\\/\\\/estandartemaconico.com.br\\\/wp-content\\\/uploads\\\/2023\\\/06\\\/cropped-Logo_Banderminas.png\",\"width\":512,\"height\":512,\"caption\":\"Banderminas\"},\"image\":{\"@id\":\"https:\\\/\\\/estandartemaconico.com.br\\\/#\\\/schema\\\/logo\\\/image\\\/\"},\"sameAs\":[\"https:\\\/\\\/www.facebook.com\\\/numero1bandeiras\\\/\",\"https:\\\/\\\/www.instagram.com\\\/wgil_bandeiras\\\/\"]}]}<\/script>\n<!-- \/ Yoast SEO plugin. -->","yoast_head_json":{"title":"Contato - estandartemaconico.com.br","robots":{"index":"index","follow":"follow","max-snippet":"max-snippet:-1","max-image-preview":"max-image-preview:large","max-video-preview":"max-video-preview:-1"},"canonical":"https:\/\/estandartemaconico.com.br\/index.php\/contato\/","og_locale":"en_US","og_type":"article","og_title":"Contato - estandartemaconico.com.br","og_url":"https:\/\/estandartemaconico.com.br\/index.php\/contato\/","og_site_name":"estandartemaconico.com.br","article_publisher":"https:\/\/www.facebook.com\/numero1bandeiras\/","og_image":[{"width":2504,"height":1401,"url":"https:\/\/estandartemaconico.com.br\/wp-content\/uploads\/2023\/06\/Estandartemaconico.png","type":"image\/png"}],"twitter_card":"summary_large_image","schema":{"@context":"https:\/\/schema.org","@graph":[{"@type":"WebPage","@id":"https:\/\/estandartemaconico.com.br\/index.php\/contato\/","url":"https:\/\/estandartemaconico.com.br\/index.php\/contato\/","name":"Contato - estandartemaconico.com.br","isPartOf":{"@id":"https:\/\/estandartemaconico.com.br\/#website"},"datePublished":"2025-12-05T18:35:38+00:00","breadcrumb":{"@id":"https:\/\/estandartemaconico.com.br\/index.php\/contato\/#breadcrumb"},"inLanguage":"en-US","potentialAction":[{"@type":"ReadAction","target":["https:\/\/estandartemaconico.com.br\/index.php\/contato\/"]}]},{"@type":"BreadcrumbList","@id":"https:\/\/estandartemaconico.com.br\/index.php\/contato\/#breadcrumb","itemListElement":[{"@type":"ListItem","position":1,"name":"In\u00edcio","item":"https:\/\/estandartemaconico.com.br\/"},{"@type":"ListItem","position":2,"name":"Contato"}]},{"@type":"WebSite","@id":"https:\/\/estandartemaconico.com.br\/#website","url":"https:\/\/estandartemaconico.com.br\/","name":"estandartemaconico.com.br","description":"Especializado na fabrica\u00e7\u00e3o de Estandarte Ma\u00e7\u00f4nico","publisher":{"@id":"https:\/\/estandartemaconico.com.br\/#organization"},"alternateName":"Banderminas","potentialAction":[{"@type":"SearchAction","target":{"@type":"EntryPoint","urlTemplate":"https:\/\/estandartemaconico.com.br\/?s={search_term_string}"},"query-input":{"@type":"PropertyValueSpecification","valueRequired":true,"valueName":"search_term_string"}}],"inLanguage":"en-US"},{"@type":"Organization","@id":"https:\/\/estandartemaconico.com.br\/#organization","name":"Banderminas","url":"https:\/\/estandartemaconico.com.br\/","logo":{"@type":"ImageObject","inLanguage":"en-US","@id":"https:\/\/estandartemaconico.com.br\/#\/schema\/logo\/image\/","url":"http:\/\/estandartemaconico.com.br\/wp-content\/uploads\/2023\/06\/cropped-Logo_Banderminas.png","contentUrl":"http:\/\/estandartemaconico.com.br\/wp-content\/uploads\/2023\/06\/cropped-Logo_Banderminas.png","width":512,"height":512,"caption":"Banderminas"},"image":{"@id":"https:\/\/estandartemaconico.com.br\/#\/schema\/logo\/image\/"},"sameAs":["https:\/\/www.facebook.com\/numero1bandeiras\/","https:\/\/www.instagram.com\/wgil_bandeiras\/"]}]}},"_links":{"self":[{"href":"https:\/\/estandartemaconico.com.br\/index.php\/wp-json\/wp\/v2\/pages\/77","targetHints":{"allow":["GET"]}}],"collection":[{"href":"https:\/\/estandartemaconico.com.br\/index.php\/wp-json\/wp\/v2\/pages"}],"about":[{"href":"https:\/\/estandartemaconico.com.br\/index.php\/wp-json\/wp\/v2\/types\/page"}],"author":[{"embeddable":true,"href":"https:\/\/estandartemaconico.com.br\/index.php\/wp-json\/wp\/v2\/users\/1"}],"replies":[{"embeddable":true,"href":"https:\/\/estandartemaconico.com.br\/index.php\/wp-json\/wp\/v2\/comments?post=77"}],"version-history":[{"count":1,"href":"https:\/\/estandartemaconico.com.br\/index.php\/wp-json\/wp\/v2\/pages\/77\/revisions"}],"predecessor-version":[{"id":86,"href":"https:\/\/estandartemaconico.com.br\/index.php\/wp-json\/wp\/v2\/pages\/77\/revisions\/86"}],"wp:attachment":[{"href":"https:\/\/estandartemaconico.com.br\/index.php\/wp-json\/wp\/v2\/media?parent=77"}],"curies":[{"name":"wp","href":"https:\/\/api.w.org\/{rel}","templated":true}]}}